{"id":313,"date":"2018-07-21T10:28:09","date_gmt":"2018-07-21T10:28:09","guid":{"rendered":"http:\/\/192.168.1.3\/wp\/kordex\/?page_id=313"},"modified":"2022-11-18T09:16:47","modified_gmt":"2022-11-18T14:16:47","slug":"portfolio-masonry","status":"publish","type":"page","link":"https:\/\/yulimoncayo.com\/?page_id=313","title":{"rendered":"Portfolio Masonry"},"content":{"rendered":"\t\t<div data-elementor-type=\"wp-post\" data-elementor-id=\"313\" class=\"elementor elementor-313\" data-elementor-settings=\"[]\">\n\t\t\t\t\t\t<div class=\"elementor-inner\">\n\t\t\t\t\t\t\t<div class=\"elementor-section-wrap\">\n\t\t\t\t\t\t\t<section class=\"elementor-section elementor-top-section elementor-element elementor-element-232e7b0 elementor-section-boxed elementor-section-height-default elementor-section-height-default\" data-id=\"232e7b0\" data-element_type=\"section\">\n\t\t\t\t\t\t<div class=\"elementor-container elementor-column-gap-default\">\n\t\t\t\t\t\t\t<div class=\"elementor-row\">\n\t\t\t\t\t<div class=\"elementor-column elementor-col-100 elementor-top-column elementor-element elementor-element-106774b\" data-id=\"106774b\" data-element_type=\"column\">\n\t\t\t<div class=\"elementor-column-wrap elementor-element-populated\">\n\t\t\t\t\t\t\t<div class=\"elementor-widget-wrap\">\n\t\t\t\t\t\t<div class=\"elementor-element elementor-element-70e57d2 elementor-widget elementor-widget-heading\" data-id=\"70e57d2\" data-element_type=\"widget\" data-widget_type=\"heading.default\">\n\t\t\t\t<div class=\"elementor-widget-container\">\n\t\t\t<h2 class=\"elementor-heading-title elementor-size-default\">Tratamientos<\/h2>\t\t<\/div>\n\t\t\t\t<\/div>\n\t\t\t\t\t\t<\/div>\n\t\t\t\t\t<\/div>\n\t\t<\/div>\n\t\t\t\t\t\t\t\t<\/div>\n\t\t\t\t\t<\/div>\n\t\t<\/section>\n\t\t\t\t<section class=\"elementor-section elementor-top-section elementor-element elementor-element-cec8772 elementor-section-full_width elementor-section-height-default elementor-section-height-default\" data-id=\"cec8772\" data-element_type=\"section\" data-settings=\"{&quot;background_background&quot;:&quot;classic&quot;}\">\n\t\t\t\t\t\t<div class=\"elementor-container elementor-column-gap-no\">\n\t\t\t\t\t\t\t<div class=\"elementor-row\">\n\t\t\t\t\t<div class=\"elementor-column elementor-col-100 elementor-top-column elementor-element elementor-element-5e62ab5\" data-id=\"5e62ab5\" data-element_type=\"column\">\n\t\t\t<div class=\"elementor-column-wrap elementor-element-populated\">\n\t\t\t\t\t\t\t<div class=\"elementor-widget-wrap\">\n\t\t\t\t\t\t<div class=\"elementor-element elementor-element-2419dd5 elementor-widget elementor-widget-portfolio-grid\" data-id=\"2419dd5\" data-element_type=\"widget\" data-widget_type=\"portfolio-grid.default\">\n\t\t\t\t<div class=\"elementor-widget-container\">\n\t\t\t<div class=\"portfolio-grid-container lightgallery-container portfolio-gridblock-columns-wrap\"><div id=\"gridblock-container\" class=\"portfolio-gutter-nospace thumnails-gutter-active    boxtitle-active has-effect-zoom grid-style-wall-grid gridblock-three clearfix\" data-columns=\"3\"><div class=\"gridblock-element grid-animate-display-all isotope-displayed gridblock-element-id-178 gridblock-element-order-1  gridblock-filterable filter-tratamientos \" data-portfolio=\"portfolio-178\" data-id=\"id-2\"><div class=\"gridblock-grid-element gridblock-element-inner\" data-portfolioid=\"178\"><div class=\"gridblock-background-hover\"><a data-elementor-open-lightbox=\"no\" data-exthumbimage=\"https:\/\/yulimoncayo.com\/wp-content\/uploads\/2022\/11\/bioquick-160x160.png\" class=\"lightbox-active gridblock-sole-link column-gridblock-lightbox lightbox-image\" data-sub-html=\"&lt;div class=&quot;lightbox-text-wrap &quot;&gt;&lt;h4 class=&quot;lightbox-text&quot;&gt;BioQuick&lt;\/h4&gt;&lt;\/div&gt;\" href=\"https:\/\/yulimoncayo.com\/wp-content\/uploads\/2022\/11\/bioquick.png\" data-src=\"https:\/\/yulimoncayo.com\/wp-content\/uploads\/2022\/11\/bioquick.png\"><div class=\"gridblock-links-wrap box-title-box-lightbox\"><\/div><div class=\"boxtitle-hover\"><div class=\"work-details\"><h4>BioQuick<\/h4><p class=\"entry-content work-description\">Los brackets met\u00e1licos son de acero inoxidable, llevan en ellos la informaci\u00f3n de movimiento que se va a expresar en el tratamiento, es por esto que cuidamos siempre el control de calidad de su fabricaci\u00f3n, tienen bases 3d para que la adhesi\u00f3n al diente sea eficaz.<\/p><\/div><\/div><\/a><\/div><img decoding=\"async\" src=\"https:\/\/yulimoncayo.com\/wp-content\/themes\/kordex\/images\/placeholders\/placeholder-770x550.gif\" data-src=\"https:\/\/yulimoncayo.com\/wp-content\/uploads\/2022\/11\/bioquick-770x550.png\" alt=\"\" class=\"displayed-image lazyload\"\/><\/div><\/div><div class=\"gridblock-element grid-animate-display-all isotope-displayed gridblock-element-id-175 gridblock-element-order-2  gridblock-filterable filter-tratamientos \" data-portfolio=\"portfolio-175\" data-id=\"id-3\"><div class=\"gridblock-grid-element gridblock-element-inner\" data-portfolioid=\"175\"><div class=\"gridblock-background-hover\"><a data-elementor-open-lightbox=\"no\" data-exthumbimage=\"https:\/\/yulimoncayo.com\/wp-content\/uploads\/2022\/11\/lingual2-160x160.jpg\" class=\"lightbox-active gridblock-sole-link column-gridblock-lightbox lightbox-image\" data-sub-html=\"&lt;div class=&quot;lightbox-text-wrap &quot;&gt;&lt;h4 class=&quot;lightbox-text&quot;&gt;Brackets Linguales&lt;\/h4&gt;&lt;\/div&gt;\" href=\"https:\/\/yulimoncayo.com\/wp-content\/uploads\/2022\/11\/lingual2-scaled.jpg\" data-src=\"https:\/\/yulimoncayo.com\/wp-content\/uploads\/2022\/11\/lingual2-scaled.jpg\"><div class=\"gridblock-links-wrap box-title-box-lightbox\"><\/div><div class=\"boxtitle-hover\"><div class=\"work-details\"><h4>Brackets Linguales<\/h4><p class=\"entry-content work-description\">Realizado con brackets especialmente dise\u00f1ados para ser colocados en la parte interior de los dientes, de manera que son totalmente invisibles, en esta t\u00e9cnica los aparatos fijos (brackets) van colocados en la cara interna de los dientes.\r\n\r\nSon muy peque\u00f1os y con \u00e1ngulos redondeados lo que los hace muy c\u00f3modos y de f\u00e1cil adaptaci\u00f3n.<\/p><\/div><\/div><\/a><\/div><img decoding=\"async\" src=\"https:\/\/yulimoncayo.com\/wp-content\/themes\/kordex\/images\/placeholders\/placeholder-770x550.gif\" data-src=\"https:\/\/yulimoncayo.com\/wp-content\/uploads\/2022\/11\/lingual2-770x550.jpg\" alt=\"\" class=\"displayed-image lazyload\"\/><\/div><\/div><div class=\"gridblock-element grid-animate-display-all isotope-displayed gridblock-element-id-156 gridblock-element-order-3  gridblock-filterable filter-tratamientos \" data-portfolio=\"portfolio-156\" data-id=\"id-4\"><div class=\"gridblock-grid-element gridblock-element-inner\" data-portfolioid=\"156\"><div class=\"gridblock-background-hover\"><a data-elementor-open-lightbox=\"no\" data-exthumbimage=\"https:\/\/yulimoncayo.com\/wp-content\/uploads\/2022\/11\/quciklear-2-160x160.png\" class=\"lightbox-active gridblock-sole-link column-gridblock-lightbox lightbox-image\" data-sub-html=\"&lt;div class=&quot;lightbox-text-wrap &quot;&gt;&lt;h4 class=&quot;lightbox-text&quot;&gt;QuicKlear&lt;\/h4&gt;&lt;\/div&gt;\" href=\"https:\/\/yulimoncayo.com\/wp-content\/uploads\/2022\/11\/quciklear-2.png\" data-src=\"https:\/\/yulimoncayo.com\/wp-content\/uploads\/2022\/11\/quciklear-2.png\"><div class=\"gridblock-links-wrap box-title-box-lightbox\"><\/div><div class=\"boxtitle-hover\"><div class=\"work-details\"><h4>QuicKlear<\/h4><p class=\"entry-content work-description\">Brackets est\u00e9ticos, esta aparatolog\u00eda de alta est\u00e9tica, son de porcelana, no cambian de color con el tratamiento y su base est\u00e1 dise\u00f1ada para proteger el esmalte dentario.<\/p><\/div><\/div><\/a><\/div><img decoding=\"async\" src=\"https:\/\/yulimoncayo.com\/wp-content\/themes\/kordex\/images\/placeholders\/placeholder-770x550.gif\" data-src=\"https:\/\/yulimoncayo.com\/wp-content\/uploads\/2022\/11\/quciklear-2-770x550.png\" alt=\"\" class=\"displayed-image lazyload\"\/><\/div><\/div><div class=\"gridblock-element grid-animate-display-all isotope-displayed gridblock-element-id-173 gridblock-element-order-4  gridblock-filterable filter-tratamientos \" data-portfolio=\"portfolio-173\" data-id=\"id-5\"><div class=\"gridblock-grid-element gridblock-element-inner\" data-portfolioid=\"173\"><div class=\"gridblock-background-hover\"><a data-elementor-open-lightbox=\"no\" data-exthumbimage=\"https:\/\/yulimoncayo.com\/wp-content\/uploads\/2022\/11\/invisalign-160x160.jpg\" class=\"lightbox-active gridblock-sole-link column-gridblock-lightbox lightbox-image\" data-sub-html=\"&lt;div class=&quot;lightbox-text-wrap &quot;&gt;&lt;h4 class=&quot;lightbox-text&quot;&gt;Invisalign&lt;\/h4&gt;&lt;\/div&gt;\" href=\"https:\/\/yulimoncayo.com\/wp-content\/uploads\/2022\/11\/invisalign-scaled.jpg\" data-src=\"https:\/\/yulimoncayo.com\/wp-content\/uploads\/2022\/11\/invisalign-scaled.jpg\"><div class=\"gridblock-links-wrap box-title-box-lightbox\"><\/div><div class=\"boxtitle-hover\"><div class=\"work-details\"><h4>Invisalign<\/h4><p class=\"entry-content work-description\">Una alternativa invisible de alta tecnolog\u00eda. Elaboramos un set de alineadores transparentes para que los dientes adopten una posici\u00f3n adecuada de manera progresiva.<\/p><\/div><\/div><\/a><\/div><img decoding=\"async\" src=\"https:\/\/yulimoncayo.com\/wp-content\/themes\/kordex\/images\/placeholders\/placeholder-770x550.gif\" data-src=\"https:\/\/yulimoncayo.com\/wp-content\/uploads\/2022\/11\/invisalign-770x550.jpg\" alt=\"\" class=\"displayed-image lazyload\"\/><\/div><\/div><div class=\"gridblock-element grid-animate-display-all isotope-displayed gridblock-element-id-167 gridblock-element-order-5  gridblock-filterable filter-tratamientos \" data-portfolio=\"portfolio-167\" data-id=\"id-6\"><div class=\"gridblock-grid-element gridblock-element-inner\" data-portfolioid=\"167\"><div class=\"gridblock-background-hover\"><a data-elementor-open-lightbox=\"no\" data-exthumbimage=\"https:\/\/yulimoncayo.com\/wp-content\/uploads\/2022\/11\/ortopedia-160x160.png\" class=\"lightbox-active gridblock-sole-link column-gridblock-lightbox lightbox-image\" data-sub-html=\"&lt;div class=&quot;lightbox-text-wrap &quot;&gt;&lt;h4 class=&quot;lightbox-text&quot;&gt;Ortopedia&lt;\/h4&gt;&lt;\/div&gt;\" href=\"https:\/\/yulimoncayo.com\/wp-content\/uploads\/2022\/11\/ortopedia.png\" data-src=\"https:\/\/yulimoncayo.com\/wp-content\/uploads\/2022\/11\/ortopedia.png\"><div class=\"gridblock-links-wrap box-title-box-lightbox\"><\/div><div class=\"boxtitle-hover\"><div class=\"work-details\"><h4>Ortopedia<\/h4><p class=\"entry-content work-description\">Guiamos y corregimos el crecimiento de las estructuras bucales y faciales. Mediante est\u00edmulos generados por aparatolog\u00eda fija o removible.<\/p><\/div><\/div><\/a><\/div><img decoding=\"async\" src=\"https:\/\/yulimoncayo.com\/wp-content\/themes\/kordex\/images\/placeholders\/placeholder-770x550.gif\" data-src=\"https:\/\/yulimoncayo.com\/wp-content\/uploads\/2022\/11\/ortopedia-770x550.png\" alt=\"\" class=\"displayed-image lazyload\"\/><\/div><\/div><div class=\"gridblock-element grid-animate-display-all isotope-displayed gridblock-element-id-309 gridblock-element-order-6  gridblock-filterable filter-tratamientos \" data-portfolio=\"portfolio-309\" data-id=\"id-7\"><div class=\"gridblock-grid-element gridblock-element-inner\" data-portfolioid=\"309\"><div class=\"gridblock-background-hover\"><a data-elementor-open-lightbox=\"no\" data-exthumbimage=\"https:\/\/yulimoncayo.com\/wp-content\/uploads\/2022\/11\/Platos-2-160x160.png\" class=\"lightbox-active gridblock-sole-link column-gridblock-lightbox lightbox-image\" data-sub-html=\"&lt;div class=&quot;lightbox-text-wrap &quot;&gt;&lt;h4 class=&quot;lightbox-text&quot;&gt;Platos&lt;\/h4&gt;&lt;\/div&gt;\" href=\"https:\/\/yulimoncayo.com\/wp-content\/uploads\/2022\/11\/Platos-2.png\" data-src=\"https:\/\/yulimoncayo.com\/wp-content\/uploads\/2022\/11\/Platos-2.png\"><div class=\"gridblock-links-wrap box-title-box-lightbox\"><\/div><div class=\"boxtitle-hover\"><div class=\"work-details\"><h4>Bruxismo<\/h4><p class=\"entry-content work-description\">Es una placa micro relajante. Se trata de una f\u00e9rula de resina transparente que se dise\u00f1a especialmente para cada persona.<\/p><\/div><\/div><\/a><\/div><img decoding=\"async\" src=\"https:\/\/yulimoncayo.com\/wp-content\/themes\/kordex\/images\/placeholders\/placeholder-770x550.gif\" data-src=\"https:\/\/yulimoncayo.com\/wp-content\/uploads\/2022\/11\/Platos-2-770x550.png\" alt=\"\" class=\"displayed-image lazyload\"\/><\/div><\/div><div class=\"gridblock-element grid-animate-display-all isotope-displayed gridblock-element-id-164 gridblock-element-order-7  gridblock-filterable filter-tratamientos \" data-portfolio=\"portfolio-164\" data-id=\"id-8\"><div class=\"gridblock-grid-element gridblock-element-inner\" data-portfolioid=\"164\"><div class=\"gridblock-background-hover\"><a data-elementor-open-lightbox=\"no\" data-exthumbimage=\"https:\/\/yulimoncayo.com\/wp-content\/uploads\/2022\/11\/microimplante--160x160.png\" class=\"lightbox-active gridblock-sole-link column-gridblock-lightbox lightbox-image\" data-sub-html=\"&lt;div class=&quot;lightbox-text-wrap &quot;&gt;&lt;h4 class=&quot;lightbox-text&quot;&gt;Micro Implante&lt;\/h4&gt;&lt;\/div&gt;\" href=\"https:\/\/yulimoncayo.com\/wp-content\/uploads\/2022\/11\/microimplante-.png\" data-src=\"https:\/\/yulimoncayo.com\/wp-content\/uploads\/2022\/11\/microimplante-.png\"><div class=\"gridblock-links-wrap box-title-box-lightbox\"><\/div><div class=\"boxtitle-hover\"><div class=\"work-details\"><h4>Anclaje Esquel\u00e9tico<\/h4><p class=\"entry-content work-description\">T\u00e9cnicas innovadoras que nos ayudan a realizar movimientos que antes no eran posibles. Logramos disminuir las extracciones y mejorar los tiempos de tratamiento.<\/p><\/div><\/div><\/a><\/div><img decoding=\"async\" src=\"https:\/\/yulimoncayo.com\/wp-content\/themes\/kordex\/images\/placeholders\/placeholder-770x550.gif\" data-src=\"https:\/\/yulimoncayo.com\/wp-content\/uploads\/2022\/11\/microimplante--770x550.png\" alt=\"\" class=\"displayed-image lazyload\"\/><\/div><\/div><div class=\"gridblock-element grid-animate-display-all isotope-displayed gridblock-element-id-159 gridblock-element-order-8  gridblock-filterable filter-tratamientos \" data-portfolio=\"portfolio-159\" data-id=\"id-9\"><div class=\"gridblock-grid-element gridblock-element-inner\" data-portfolioid=\"159\"><div class=\"gridblock-background-hover\"><a data-elementor-open-lightbox=\"no\" data-exthumbimage=\"https:\/\/yulimoncayo.com\/wp-content\/uploads\/2022\/11\/miniplacas-160x160.png\" class=\"lightbox-active gridblock-sole-link column-gridblock-lightbox lightbox-image\" data-sub-html=\"&lt;div class=&quot;lightbox-text-wrap &quot;&gt;&lt;h4 class=&quot;lightbox-text&quot;&gt;Mini Placas&lt;\/h4&gt;&lt;\/div&gt;\" href=\"https:\/\/yulimoncayo.com\/wp-content\/uploads\/2022\/11\/miniplacas.png\" data-src=\"https:\/\/yulimoncayo.com\/wp-content\/uploads\/2022\/11\/miniplacas.png\"><div class=\"gridblock-links-wrap box-title-box-lightbox\"><\/div><div class=\"boxtitle-hover\"><div class=\"work-details\"><h4>Miniplacas<\/h4><p class=\"entry-content work-description\">Nos especializamos en casos de alta complejidad. Acortamos tiempos de tratamiento, con fuerzas leves y biomec\u00e1nicas avanzadas lo que nos permite optimizar el resultado.<\/p><\/div><\/div><\/a><\/div><img decoding=\"async\" src=\"https:\/\/yulimoncayo.com\/wp-content\/themes\/kordex\/images\/placeholders\/placeholder-770x550.gif\" data-src=\"https:\/\/yulimoncayo.com\/wp-content\/uploads\/2022\/11\/miniplacas-770x550.png\" alt=\"\" class=\"displayed-image lazyload\"\/><\/div><\/div><div class=\"gridblock-element grid-animate-display-all isotope-displayed gridblock-element-id-170 gridblock-element-order-9  gridblock-filterable filter-tratamientos \" data-portfolio=\"portfolio-170\" data-id=\"id-10\"><div class=\"gridblock-grid-element gridblock-element-inner\" data-portfolioid=\"170\"><div class=\"gridblock-background-hover\"><a data-elementor-open-lightbox=\"no\" data-exthumbimage=\"https:\/\/yulimoncayo.com\/wp-content\/uploads\/2022\/11\/miniimplantes-160x160.png\" class=\"lightbox-active gridblock-sole-link column-gridblock-lightbox lightbox-image\" data-sub-html=\"&lt;div class=&quot;lightbox-text-wrap &quot;&gt;&lt;h4 class=&quot;lightbox-text&quot;&gt;Mini Implantes&lt;\/h4&gt;&lt;\/div&gt;\" href=\"https:\/\/yulimoncayo.com\/wp-content\/uploads\/2022\/11\/miniimplantes.png\" data-src=\"https:\/\/yulimoncayo.com\/wp-content\/uploads\/2022\/11\/miniimplantes.png\"><div class=\"gridblock-links-wrap box-title-box-lightbox\"><\/div><div class=\"boxtitle-hover\"><div class=\"work-details\"><h4>Microimplantes<\/h4><p class=\"entry-content work-description\">Biomec\u00e1nicas avanzadas, son peque\u00f1as fijaciones de titanio que colocamos temporalmente en nuestros tratamientos de ortodoncia.<\/p><\/div><\/div><\/a><\/div><img decoding=\"async\" src=\"https:\/\/yulimoncayo.com\/wp-content\/themes\/kordex\/images\/placeholders\/placeholder-770x550.gif\" data-src=\"https:\/\/yulimoncayo.com\/wp-content\/uploads\/2022\/11\/miniimplantes-770x550.png\" alt=\"\" class=\"displayed-image lazyload\"\/><\/div><\/div><\/div><\/div>\t\t<\/div>\n\t\t\t\t<\/div>\n\t\t\t\t\t\t<\/div>\n\t\t\t\t\t<\/div>\n\t\t<\/div>\n\t\t\t\t\t\t\t\t<\/div>\n\t\t\t\t\t<\/div>\n\t\t<\/section>\n\t\t\t\t<section class=\"elementor-section elementor-top-section elementor-element elementor-element-10cd6f3 elementor-section-boxed elementor-section-height-default elementor-section-height-default\" data-id=\"10cd6f3\" data-element_type=\"section\">\n\t\t\t\t\t\t<div class=\"elementor-container elementor-column-gap-default\">\n\t\t\t\t\t\t\t<div class=\"elementor-row\">\n\t\t\t\t\t<div class=\"elementor-column elementor-col-100 elementor-top-column elementor-element elementor-element-7266432\" data-id=\"7266432\" data-element_type=\"column\">\n\t\t\t<div class=\"elementor-column-wrap elementor-element-populated\">\n\t\t\t\t\t\t\t<div class=\"elementor-widget-wrap\">\n\t\t\t\t\t\t<div class=\"elementor-element elementor-element-d16b4a1 elementor-widget elementor-widget-spacer\" data-id=\"d16b4a1\" data-element_type=\"widget\" data-widget_type=\"spacer.default\">\n\t\t\t\t<div class=\"elementor-widget-container\">\n\t\t\t\t\t<div class=\"elementor-spacer\">\n\t\t\t<div class=\"elementor-spacer-inner\"><\/div>\n\t\t<\/div>\n\t\t\t\t<\/div>\n\t\t\t\t<\/div>\n\t\t\t\t\t\t<\/div>\n\t\t\t\t\t<\/div>\n\t\t<\/div>\n\t\t\t\t\t\t\t\t<\/div>\n\t\t\t\t\t<\/div>\n\t\t<\/section>\n\t\t\t\t<section class=\"elementor-section elementor-top-section elementor-element elementor-element-88d4eef elementor-section-boxed elementor-section-height-default elementor-section-height-default\" data-id=\"88d4eef\" data-element_type=\"section\">\n\t\t\t\t\t\t<div class=\"elementor-container elementor-column-gap-default\">\n\t\t\t\t\t\t\t<div class=\"elementor-row\">\n\t\t\t\t\t<div class=\"elementor-column elementor-col-100 elementor-top-column elementor-element elementor-element-39d7083\" data-id=\"39d7083\" data-element_type=\"column\">\n\t\t\t<div class=\"elementor-column-wrap elementor-element-populated\">\n\t\t\t\t\t\t\t<div class=\"elementor-widget-wrap\">\n\t\t\t\t\t\t<div class=\"elementor-element elementor-element-e76d906 elementor-shape-circle elementor-grid-0 e-grid-align-center elementor-widget elementor-widget-social-icons\" data-id=\"e76d906\" data-element_type=\"widget\" data-widget_type=\"social-icons.default\">\n\t\t\t\t<div class=\"elementor-widget-container\">\n\t\t\t\t\t<div class=\"elementor-social-icons-wrapper elementor-grid\">\n\t\t\t\t\t\t\t<span class=\"elementor-grid-item\">\n\t\t\t\t\t<a class=\"elementor-icon elementor-social-icon elementor-social-icon-whatsapp elementor-repeater-item-b08acab\" href=\"https:\/\/api.whatsapp.com\/send?phone=593959402242&#038;text=Hola!%20Me%20interesa%20saber%20acerca%20de\" target=\"_blank\">\n\t\t\t\t\t\t<span class=\"elementor-screen-only\">Whatsapp<\/span>\n\t\t\t\t\t\t<i class=\"fab fa-whatsapp\"><\/i>\t\t\t\t\t<\/a>\n\t\t\t\t<\/span>\n\t\t\t\t\t<\/div>\n\t\t\t\t<\/div>\n\t\t\t\t<\/div>\n\t\t\t\t\t\t<\/div>\n\t\t\t\t\t<\/div>\n\t\t<\/div>\n\t\t\t\t\t\t\t\t<\/div>\n\t\t\t\t\t<\/div>\n\t\t<\/section>\n\t\t\t\t<section class=\"elementor-section elementor-top-section elementor-element elementor-element-eee055c elementor-section-boxed elementor-section-height-default elementor-section-height-default\" data-id=\"eee055c\" data-element_type=\"section\">\n\t\t\t\t\t\t<div class=\"elementor-container elementor-column-gap-default\">\n\t\t\t\t\t\t\t<div class=\"elementor-row\">\n\t\t\t\t\t<div class=\"elementor-column elementor-col-100 elementor-top-column elementor-element elementor-element-b7ec80e\" data-id=\"b7ec80e\" data-element_type=\"column\">\n\t\t\t<div class=\"elementor-column-wrap elementor-element-populated\">\n\t\t\t\t\t\t\t<div class=\"elementor-widget-wrap\">\n\t\t\t\t\t\t<div class=\"elementor-element elementor-element-3a58b2a elementor-widget elementor-widget-spacer\" data-id=\"3a58b2a\" data-element_type=\"widget\" data-widget_type=\"spacer.default\">\n\t\t\t\t<div class=\"elementor-widget-container\">\n\t\t\t\t\t<div class=\"elementor-spacer\">\n\t\t\t<div class=\"elementor-spacer-inner\"><\/div>\n\t\t<\/div>\n\t\t\t\t<\/div>\n\t\t\t\t<\/div>\n\t\t\t\t\t\t<\/div>\n\t\t\t\t\t<\/div>\n\t\t<\/div>\n\t\t\t\t\t\t\t\t<\/div>\n\t\t\t\t\t<\/div>\n\t\t<\/section>\n\t\t\t\t\t\t<\/div>\n\t\t\t\t\t\t<\/div>\n\t\t\t\t\t<\/div>\n\t\t","protected":false},"excerpt":{"rendered":"<p>Tratamientos BioQuick BioQuick. Brackets Linguales Brackets Linguales. QuicKlear QuicKlear. Mini Implantes Micro Implante. Mini Placas Mini Placas. Invisalign El texto es la unidad superior de comunicaci\u00f3n y de la competencia organizacional del hablante. Su extensi\u00f3n es variable y corresponde a un todo comprensible que tiene una finalidad comunicativa en un contexto dado. El car\u00e1cter comunicativo, pragm\u00e1tico y estructural permiten su identificaci\u00f3n. Ortopedia Ortopedia. Platos Platos. Mini Implantes Mini Implantes. Whatsapp<\/p>\n","protected":false},"author":1,"featured_media":0,"parent":191,"menu_order":0,"comment_status":"closed","ping_status":"closed","template":"","meta":{"footnotes":""},"class_list":["post-313","page","type-page","status-publish","hentry"],"_links":{"self":[{"href":"https:\/\/yulimoncayo.com\/index.php?rest_route=\/wp\/v2\/pages\/313","targetHints":{"allow":["GET"]}}],"collection":[{"href":"https:\/\/yulimoncayo.com\/index.php?rest_route=\/wp\/v2\/pages"}],"about":[{"href":"https:\/\/yulimoncayo.com\/index.php?rest_route=\/wp\/v2\/types\/page"}],"author":[{"embeddable":true,"href":"https:\/\/yulimoncayo.com\/index.php?rest_route=\/wp\/v2\/users\/1"}],"replies":[{"embeddable":true,"href":"https:\/\/yulimoncayo.com\/index.php?rest_route=%2Fwp%2Fv2%2Fcomments&post=313"}],"version-history":[{"count":10,"href":"https:\/\/yulimoncayo.com\/index.php?rest_route=\/wp\/v2\/pages\/313\/revisions"}],"predecessor-version":[{"id":3670,"href":"https:\/\/yulimoncayo.com\/index.php?rest_route=\/wp\/v2\/pages\/313\/revisions\/3670"}],"up":[{"embeddable":true,"href":"https:\/\/yulimoncayo.com\/index.php?rest_route=\/wp\/v2\/pages\/191"}],"wp:attachment":[{"href":"https:\/\/yulimoncayo.com\/index.php?rest_route=%2Fwp%2Fv2%2Fmedia&parent=313"}],"curies":[{"name":"wp","href":"https:\/\/api.w.org\/{rel}","templated":true}]}}